{"id":21850,"date":"2025-03-22T05:34:17","date_gmt":"2025-03-22T04:34:17","guid":{"rendered":"https:\/\/blacksmithloot.com\/?product=livret-liste-d-armees-du-codex-40-000"},"modified":"2025-03-22T05:34:18","modified_gmt":"2025-03-22T04:34:18","slug":"livret-liste-d-armees-du-codex-40-000","status":"publish","type":"product","link":"https:\/\/blacksmithloot.com\/?product=livret-liste-d-armees-du-codex-40-000","title":{"rendered":"LIVRET LISTE D ARMEES DU CODEX 40.000"},"content":{"rendered":"","protected":false},"excerpt":{"rendered":"<p>L&#8217;article est vendu dans une qualit? conforme aux photos.<\/p>\n","protected":false},"featured_media":18749,"comment_status":"closed","ping_status":"closed","template":"","meta":[],"product_brand":[],"product_cat":[110],"product_tag":[],"class_list":{"0":"post-21850","1":"product","2":"type-product","3":"status-publish","4":"has-post-thumbnail","6":"product_cat-warhammer","7":"product_shipping_class-colis","9":"first","10":"instock","11":"shipping-taxable","12":"purchasable","13":"product-type-simple"},"yoast_head":"<!-- This site is optimized with the Yoast SEO plugin v26.4 - https:\/\/yoast.com\/wordpress\/plugins\/seo\/ -->\n<title>LIVRET LISTE D ARMEES DU CODEX 40.000 - BLACKSMITH LOOT<\/title>\n<meta name=\"robots\" content=\"index, follow, max-snippet:-1, max-image-preview:large, max-video-preview:-1\" \/>\n<link rel=\"canonical\" href=\"https:\/\/blacksmithloot.com\/?product=livret-liste-d-armees-du-codex-40-000\" \/>\n<meta property=\"og:locale\" content=\"fr_FR\" \/>\n<meta property=\"og:type\" content=\"article\" \/>\n<meta property=\"og:title\" content=\"LIVRET LISTE D ARMEES DU CODEX 40.000 - BLACKSMITH LOOT\" \/>\n<meta property=\"og:description\" content=\"L&#039;article est vendu dans une qualit? conforme aux photos.\" \/>\n<meta property=\"og:url\" content=\"https:\/\/blacksmithloot.com\/?product=livret-liste-d-armees-du-codex-40-000\" \/>\n<meta property=\"og:site_name\" content=\"BLACKSMITH LOOT\" \/>\n<meta property=\"article:publisher\" content=\"https:\/\/web.facebook.com\/113430385078116?ref=embed_page\" \/>\n<meta property=\"article:modified_time\" content=\"2025-03-22T04:34:18+00:00\" \/>\n<meta property=\"og:image\" content=\"https:\/\/blacksmithloot.com\/wp-content\/uploads\/2025\/03\/5083.jpg\" \/>\n\t<meta property=\"og:image:width\" content=\"1651\" \/>\n\t<meta property=\"og:image:height\" content=\"1250\" \/>\n\t<meta property=\"og:image:type\" content=\"image\/jpeg\" \/>\n<meta name=\"twitter:card\" content=\"summary_large_image\" \/>\n<script type=\"application\/ld+json\" class=\"yoast-schema-graph\">{\"@context\":\"https:\/\/schema.org\",\"@graph\":[{\"@type\":\"WebPage\",\"@id\":\"https:\/\/blacksmithloot.com\/?product=livret-liste-d-armees-du-codex-40-000\",\"url\":\"https:\/\/blacksmithloot.com\/?product=livret-liste-d-armees-du-codex-40-000\",\"name\":\"LIVRET LISTE D ARMEES DU CODEX 40.000 - BLACKSMITH LOOT\",\"isPartOf\":{\"@id\":\"https:\/\/blacksmithloot.com\/#website\"},\"primaryImageOfPage\":{\"@id\":\"https:\/\/blacksmithloot.com\/?product=livret-liste-d-armees-du-codex-40-000#primaryimage\"},\"image\":{\"@id\":\"https:\/\/blacksmithloot.com\/?product=livret-liste-d-armees-du-codex-40-000#primaryimage\"},\"thumbnailUrl\":\"https:\/\/blacksmithloot.com\/wp-content\/uploads\/2025\/03\/5083.jpg\",\"datePublished\":\"2025-03-22T04:34:17+00:00\",\"dateModified\":\"2025-03-22T04:34:18+00:00\",\"breadcrumb\":{\"@id\":\"https:\/\/blacksmithloot.com\/?product=livret-liste-d-armees-du-codex-40-000#breadcrumb\"},\"inLanguage\":\"fr-FR\",\"potentialAction\":[{\"@type\":\"ReadAction\",\"target\":[\"https:\/\/blacksmithloot.com\/?product=livret-liste-d-armees-du-codex-40-000\"]}]},{\"@type\":\"ImageObject\",\"inLanguage\":\"fr-FR\",\"@id\":\"https:\/\/blacksmithloot.com\/?product=livret-liste-d-armees-du-codex-40-000#primaryimage\",\"url\":\"https:\/\/blacksmithloot.com\/wp-content\/uploads\/2025\/03\/5083.jpg\",\"contentUrl\":\"https:\/\/blacksmithloot.com\/wp-content\/uploads\/2025\/03\/5083.jpg\",\"width\":1651,\"height\":1250,\"caption\":\"La photo DSC02811.JPG a \u00e9t\u00e9 r\u00e9duite de 96.76 % le Lundi 07 Ao\u00fbt 2023 \u00e0 19:08 par Photo R\u00e9ducteur v4.10 \u00e0 t\u00e9l\u00e9charger sur https:\/\/www.emjysoft.com\/\"},{\"@type\":\"BreadcrumbList\",\"@id\":\"https:\/\/blacksmithloot.com\/?product=livret-liste-d-armees-du-codex-40-000#breadcrumb\",\"itemListElement\":[{\"@type\":\"ListItem\",\"position\":1,\"name\":\"Accueil\",\"item\":\"https:\/\/blacksmithloot.com\/\"},{\"@type\":\"ListItem\",\"position\":2,\"name\":\"Products\",\"item\":\"https:\/\/blacksmithloot.com\/?post_type=product\"},{\"@type\":\"ListItem\",\"position\":3,\"name\":\"LIVRET LISTE D ARMEES DU CODEX 40.000\"}]},{\"@type\":\"WebSite\",\"@id\":\"https:\/\/blacksmithloot.com\/#website\",\"url\":\"https:\/\/blacksmithloot.com\/\",\"name\":\"BLACKSMITH LOOT\",\"description\":\"Vos figurines et accessoires Old School pr\u00e9f\u00e9r\u00e9s\",\"publisher\":{\"@id\":\"https:\/\/blacksmithloot.com\/#organization\"},\"potentialAction\":[{\"@type\":\"SearchAction\",\"target\":{\"@type\":\"EntryPoint\",\"urlTemplate\":\"https:\/\/blacksmithloot.com\/?s={search_term_string}\"},\"query-input\":{\"@type\":\"PropertyValueSpecification\",\"valueRequired\":true,\"valueName\":\"search_term_string\"}}],\"inLanguage\":\"fr-FR\"},{\"@type\":\"Organization\",\"@id\":\"https:\/\/blacksmithloot.com\/#organization\",\"name\":\"BLACKSMITH LOOT\",\"url\":\"https:\/\/blacksmithloot.com\/\",\"logo\":{\"@type\":\"ImageObject\",\"inLanguage\":\"fr-FR\",\"@id\":\"https:\/\/blacksmithloot.com\/#\/schema\/logo\/image\/\",\"url\":\"https:\/\/blacksmithloot.com\/wp-content\/uploads\/2025\/05\/LOGO-BLACKSMITH-BLANC.png\",\"contentUrl\":\"https:\/\/blacksmithloot.com\/wp-content\/uploads\/2025\/05\/LOGO-BLACKSMITH-BLANC.png\",\"width\":659,\"height\":660,\"caption\":\"BLACKSMITH LOOT\"},\"image\":{\"@id\":\"https:\/\/blacksmithloot.com\/#\/schema\/logo\/image\/\"},\"sameAs\":[\"https:\/\/web.facebook.com\/113430385078116?ref=embed_page\"]}]}<\/script>\n<!-- \/ Yoast SEO plugin. -->","yoast_head_json":{"title":"LIVRET LISTE D ARMEES DU CODEX 40.000 - BLACKSMITH LOOT","robots":{"index":"index","follow":"follow","max-snippet":"max-snippet:-1","max-image-preview":"max-image-preview:large","max-video-preview":"max-video-preview:-1"},"canonical":"https:\/\/blacksmithloot.com\/?product=livret-liste-d-armees-du-codex-40-000","og_locale":"fr_FR","og_type":"article","og_title":"LIVRET LISTE D ARMEES DU CODEX 40.000 - BLACKSMITH LOOT","og_description":"L'article est vendu dans une qualit? conforme aux photos.","og_url":"https:\/\/blacksmithloot.com\/?product=livret-liste-d-armees-du-codex-40-000","og_site_name":"BLACKSMITH LOOT","article_publisher":"https:\/\/web.facebook.com\/113430385078116?ref=embed_page","article_modified_time":"2025-03-22T04:34:18+00:00","og_image":[{"width":1651,"height":1250,"url":"https:\/\/blacksmithloot.com\/wp-content\/uploads\/2025\/03\/5083.jpg","type":"image\/jpeg"}],"twitter_card":"summary_large_image","schema":{"@context":"https:\/\/schema.org","@graph":[{"@type":"WebPage","@id":"https:\/\/blacksmithloot.com\/?product=livret-liste-d-armees-du-codex-40-000","url":"https:\/\/blacksmithloot.com\/?product=livret-liste-d-armees-du-codex-40-000","name":"LIVRET LISTE D ARMEES DU CODEX 40.000 - BLACKSMITH LOOT","isPartOf":{"@id":"https:\/\/blacksmithloot.com\/#website"},"primaryImageOfPage":{"@id":"https:\/\/blacksmithloot.com\/?product=livret-liste-d-armees-du-codex-40-000#primaryimage"},"image":{"@id":"https:\/\/blacksmithloot.com\/?product=livret-liste-d-armees-du-codex-40-000#primaryimage"},"thumbnailUrl":"https:\/\/blacksmithloot.com\/wp-content\/uploads\/2025\/03\/5083.jpg","datePublished":"2025-03-22T04:34:17+00:00","dateModified":"2025-03-22T04:34:18+00:00","breadcrumb":{"@id":"https:\/\/blacksmithloot.com\/?product=livret-liste-d-armees-du-codex-40-000#breadcrumb"},"inLanguage":"fr-FR","potentialAction":[{"@type":"ReadAction","target":["https:\/\/blacksmithloot.com\/?product=livret-liste-d-armees-du-codex-40-000"]}]},{"@type":"ImageObject","inLanguage":"fr-FR","@id":"https:\/\/blacksmithloot.com\/?product=livret-liste-d-armees-du-codex-40-000#primaryimage","url":"https:\/\/blacksmithloot.com\/wp-content\/uploads\/2025\/03\/5083.jpg","contentUrl":"https:\/\/blacksmithloot.com\/wp-content\/uploads\/2025\/03\/5083.jpg","width":1651,"height":1250,"caption":"La photo DSC02811.JPG a \u00e9t\u00e9 r\u00e9duite de 96.76 % le Lundi 07 Ao\u00fbt 2023 \u00e0 19:08 par Photo R\u00e9ducteur v4.10 \u00e0 t\u00e9l\u00e9charger sur https:\/\/www.emjysoft.com\/"},{"@type":"BreadcrumbList","@id":"https:\/\/blacksmithloot.com\/?product=livret-liste-d-armees-du-codex-40-000#breadcrumb","itemListElement":[{"@type":"ListItem","position":1,"name":"Accueil","item":"https:\/\/blacksmithloot.com\/"},{"@type":"ListItem","position":2,"name":"Products","item":"https:\/\/blacksmithloot.com\/?post_type=product"},{"@type":"ListItem","position":3,"name":"LIVRET LISTE D ARMEES DU CODEX 40.000"}]},{"@type":"WebSite","@id":"https:\/\/blacksmithloot.com\/#website","url":"https:\/\/blacksmithloot.com\/","name":"BLACKSMITH LOOT","description":"Vos figurines et accessoires Old School pr\u00e9f\u00e9r\u00e9s","publisher":{"@id":"https:\/\/blacksmithloot.com\/#organization"},"potentialAction":[{"@type":"SearchAction","target":{"@type":"EntryPoint","urlTemplate":"https:\/\/blacksmithloot.com\/?s={search_term_string}"},"query-input":{"@type":"PropertyValueSpecification","valueRequired":true,"valueName":"search_term_string"}}],"inLanguage":"fr-FR"},{"@type":"Organization","@id":"https:\/\/blacksmithloot.com\/#organization","name":"BLACKSMITH LOOT","url":"https:\/\/blacksmithloot.com\/","logo":{"@type":"ImageObject","inLanguage":"fr-FR","@id":"https:\/\/blacksmithloot.com\/#\/schema\/logo\/image\/","url":"https:\/\/blacksmithloot.com\/wp-content\/uploads\/2025\/05\/LOGO-BLACKSMITH-BLANC.png","contentUrl":"https:\/\/blacksmithloot.com\/wp-content\/uploads\/2025\/05\/LOGO-BLACKSMITH-BLANC.png","width":659,"height":660,"caption":"BLACKSMITH LOOT"},"image":{"@id":"https:\/\/blacksmithloot.com\/#\/schema\/logo\/image\/"},"sameAs":["https:\/\/web.facebook.com\/113430385078116?ref=embed_page"]}]}},"jetpack_sharing_enabled":true,"_links":{"self":[{"href":"https:\/\/blacksmithloot.com\/index.php?rest_route=\/wp\/v2\/product\/21850","targetHints":{"allow":["GET"]}}],"collection":[{"href":"https:\/\/blacksmithloot.com\/index.php?rest_route=\/wp\/v2\/product"}],"about":[{"href":"https:\/\/blacksmithloot.com\/index.php?rest_route=\/wp\/v2\/types\/product"}],"replies":[{"embeddable":true,"href":"https:\/\/blacksmithloot.com\/index.php?rest_route=%2Fwp%2Fv2%2Fcomments&post=21850"}],"version-history":[{"count":0,"href":"https:\/\/blacksmithloot.com\/index.php?rest_route=\/wp\/v2\/product\/21850\/revisions"}],"wp:featuredmedia":[{"embeddable":true,"href":"https:\/\/blacksmithloot.com\/index.php?rest_route=\/wp\/v2\/media\/18749"}],"wp:attachment":[{"href":"https:\/\/blacksmithloot.com\/index.php?rest_route=%2Fwp%2Fv2%2Fmedia&parent=21850"}],"wp:term":[{"taxonomy":"product_brand","embeddable":true,"href":"https:\/\/blacksmithloot.com\/index.php?rest_route=%2Fwp%2Fv2%2Fproduct_brand&post=21850"},{"taxonomy":"product_cat","embeddable":true,"href":"https:\/\/blacksmithloot.com\/index.php?rest_route=%2Fwp%2Fv2%2Fproduct_cat&post=21850"},{"taxonomy":"product_tag","embeddable":true,"href":"https:\/\/blacksmithloot.com\/index.php?rest_route=%2Fwp%2Fv2%2Fproduct_tag&post=21850"}],"curies":[{"name":"wp","href":"https:\/\/api.w.org\/{rel}","templated":true}]}}