{"id":6,"date":"2023-06-17T04:40:46","date_gmt":"2023-06-17T02:40:46","guid":{"rendered":"https:\/\/blacksmithloot.com\/?page_id=6"},"modified":"2025-05-26T14:50:04","modified_gmt":"2025-05-26T12:50:04","slug":"accueil","status":"publish","type":"page","link":"https:\/\/blacksmithloot.com\/","title":{"rendered":"Accueil"},"content":{"rendered":"\t\t<div data-elementor-type=\"wp-post\" data-elementor-id=\"6\" class=\"elementor elementor-6\" data-elementor-post-type=\"page\">\n\t\t\t\t\t\t<section class=\"elementor-section elementor-top-section elementor-element elementor-element-2e95ab3 elementor-section-boxed elementor-section-height-default elementor-section-height-default\" data-id=\"2e95ab3\" data-element_type=\"section\">\n\t\t\t\t\t\t<div class=\"elementor-container elementor-column-gap-default\">\n\t\t\t\t\t<div class=\"elementor-column elementor-col-100 elementor-top-column elementor-element elementor-element-9ca212d\" data-id=\"9ca212d\" data-element_type=\"column\">\n\t\t\t<div class=\"elementor-widget-wrap\">\n\t\t\t\t\t\t\t<\/div>\n\t\t<\/div>\n\t\t\t\t\t<\/div>\n\t\t<\/section>\n\t\t\t\t<\/div>\n\t\t","protected":false},"excerpt":{"rendered":"<p>Votre Boutique de figurines Warhammer OLD SCHOOL pr\u00e9f\u00e9r\u00e9e. Venez d\u00e9couvrir notre collection d&#8217;accessoires et d&#8217;anciens tr\u00e9sors. Nous sommes \u00e9galement disponible sur facebook par ce lien. Je viens de mettre en place un syst\u00e8me de parrainage pour r\u00e9compenser les ambassadeurs de ma boutique. Celui ci consiste par une commission de 5% sur les achats de vos [&hellip;]<\/p>\n","protected":false},"author":1,"featured_media":0,"parent":0,"menu_order":0,"comment_status":"closed","ping_status":"closed","template":"","meta":{"footnotes":""},"class_list":["post-6","page","type-page","status-publish","hentry"],"yoast_head":"<!-- This site is optimized with the Yoast SEO plugin v26.4 - https:\/\/yoast.com\/wordpress\/plugins\/seo\/ -->\n<title>figurines warhammer old school et collection d&#039;anciens tr\u00e9sors<\/title>\n<meta name=\"description\" content=\"Votre Boutique de figurines Warhammer OLD SCHOOL pr\u00e9f\u00e9r\u00e9e. Venez d\u00e9couvrir notre collection d&#039;accessoires et d&#039;anciens tr\u00e9sors.\" \/>\n<meta name=\"robots\" content=\"index, follow, max-snippet:-1, max-image-preview:large, max-video-preview:-1\" \/>\n<link rel=\"canonical\" href=\"https:\/\/blacksmithloot.com\/\" \/>\n<meta property=\"og:locale\" content=\"fr_FR\" \/>\n<meta property=\"og:type\" content=\"article\" \/>\n<meta property=\"og:title\" content=\"figurines warhammer old school et collection d&#039;anciens tr\u00e9sors\" \/>\n<meta property=\"og:description\" content=\"Votre Boutique de figurines Warhammer OLD SCHOOL pr\u00e9f\u00e9r\u00e9e. Venez d\u00e9couvrir notre collection d&#039;accessoires et d&#039;anciens tr\u00e9sors.\" \/>\n<meta property=\"og:url\" content=\"https:\/\/blacksmithloot.com\/\" \/>\n<meta property=\"og:site_name\" content=\"BLACKSMITH LOOT\" \/>\n<meta property=\"article:publisher\" content=\"https:\/\/web.facebook.com\/113430385078116?ref=embed_page\" \/>\n<meta property=\"article:modified_time\" content=\"2025-05-26T12:50:04+00:00\" \/>\n<meta property=\"og:image\" content=\"https:\/\/blacksmithloot.com\/wp-content\/uploads\/2025\/05\/LOGO-BLACKSMITH-BLANC.png\" \/>\n\t<meta property=\"og:image:width\" content=\"659\" \/>\n\t<meta property=\"og:image:height\" content=\"660\" \/>\n\t<meta property=\"og:image:type\" content=\"image\/png\" \/>\n<meta name=\"twitter:card\" content=\"summary_large_image\" \/>\n<meta name=\"twitter:label1\" content=\"Dur\u00e9e de lecture estim\u00e9e\" \/>\n\t<meta name=\"twitter:data1\" content=\"2 minutes\" \/>\n<script type=\"application\/ld+json\" class=\"yoast-schema-graph\">{\"@context\":\"https:\/\/schema.org\",\"@graph\":[{\"@type\":\"WebPage\",\"@id\":\"https:\/\/blacksmithloot.com\/\",\"url\":\"https:\/\/blacksmithloot.com\/\",\"name\":\"figurines warhammer old school et collection d'anciens tr\u00e9sors\",\"isPartOf\":{\"@id\":\"https:\/\/blacksmithloot.com\/#website\"},\"primaryImageOfPage\":{\"@id\":\"https:\/\/blacksmithloot.com\/#primaryimage\"},\"image\":{\"@id\":\"https:\/\/blacksmithloot.com\/#primaryimage\"},\"thumbnailUrl\":\"https:\/\/blacksmithloot.com\/wp-content\/uploads\/2025\/05\/LOGO-BLACKSMITH-BLANC.png\",\"datePublished\":\"2023-06-17T02:40:46+00:00\",\"dateModified\":\"2025-05-26T12:50:04+00:00\",\"description\":\"Votre Boutique de figurines Warhammer OLD SCHOOL pr\u00e9f\u00e9r\u00e9e. Venez d\u00e9couvrir notre collection d'accessoires et d'anciens tr\u00e9sors.\",\"breadcrumb\":{\"@id\":\"https:\/\/blacksmithloot.com\/#breadcrumb\"},\"inLanguage\":\"fr-FR\",\"potentialAction\":[{\"@type\":\"ReadAction\",\"target\":[\"https:\/\/blacksmithloot.com\/\"]}]},{\"@type\":\"ImageObject\",\"inLanguage\":\"fr-FR\",\"@id\":\"https:\/\/blacksmithloot.com\/#primaryimage\",\"url\":\"https:\/\/blacksmithloot.com\/wp-content\/uploads\/2025\/05\/LOGO-BLACKSMITH-BLANC.png\",\"contentUrl\":\"https:\/\/blacksmithloot.com\/wp-content\/uploads\/2025\/05\/LOGO-BLACKSMITH-BLANC.png\",\"width\":659,\"height\":660},{\"@type\":\"BreadcrumbList\",\"@id\":\"https:\/\/blacksmithloot.com\/#breadcrumb\",\"itemListElement\":[{\"@type\":\"ListItem\",\"position\":1,\"name\":\"Accueil\",\"item\":\"https:\/\/blacksmithloot.com\/\"},{\"@type\":\"ListItem\",\"position\":2,\"name\":\"Accueil\"}]},{\"@type\":\"WebSite\",\"@id\":\"https:\/\/blacksmithloot.com\/#website\",\"url\":\"https:\/\/blacksmithloot.com\/\",\"name\":\"BLACKSMITH LOOT\",\"description\":\"Vos figurines et accessoires Old School pr\u00e9f\u00e9r\u00e9s\",\"publisher\":{\"@id\":\"https:\/\/blacksmithloot.com\/#organization\"},\"potentialAction\":[{\"@type\":\"SearchAction\",\"target\":{\"@type\":\"EntryPoint\",\"urlTemplate\":\"https:\/\/blacksmithloot.com\/?s={search_term_string}\"},\"query-input\":{\"@type\":\"PropertyValueSpecification\",\"valueRequired\":true,\"valueName\":\"search_term_string\"}}],\"inLanguage\":\"fr-FR\"},{\"@type\":\"Organization\",\"@id\":\"https:\/\/blacksmithloot.com\/#organization\",\"name\":\"BLACKSMITH LOOT\",\"url\":\"https:\/\/blacksmithloot.com\/\",\"logo\":{\"@type\":\"ImageObject\",\"inLanguage\":\"fr-FR\",\"@id\":\"https:\/\/blacksmithloot.com\/#\/schema\/logo\/image\/\",\"url\":\"https:\/\/blacksmithloot.com\/wp-content\/uploads\/2025\/05\/LOGO-BLACKSMITH-BLANC.png\",\"contentUrl\":\"https:\/\/blacksmithloot.com\/wp-content\/uploads\/2025\/05\/LOGO-BLACKSMITH-BLANC.png\",\"width\":659,\"height\":660,\"caption\":\"BLACKSMITH LOOT\"},\"image\":{\"@id\":\"https:\/\/blacksmithloot.com\/#\/schema\/logo\/image\/\"},\"sameAs\":[\"https:\/\/web.facebook.com\/113430385078116?ref=embed_page\"]}]}<\/script>\n<!-- \/ Yoast SEO plugin. -->","yoast_head_json":{"title":"figurines warhammer old school et collection d'anciens tr\u00e9sors","description":"Votre Boutique de figurines Warhammer OLD SCHOOL pr\u00e9f\u00e9r\u00e9e. Venez d\u00e9couvrir notre collection d'accessoires et d'anciens tr\u00e9sors.","robots":{"index":"index","follow":"follow","max-snippet":"max-snippet:-1","max-image-preview":"max-image-preview:large","max-video-preview":"max-video-preview:-1"},"canonical":"https:\/\/blacksmithloot.com\/","og_locale":"fr_FR","og_type":"article","og_title":"figurines warhammer old school et collection d'anciens tr\u00e9sors","og_description":"Votre Boutique de figurines Warhammer OLD SCHOOL pr\u00e9f\u00e9r\u00e9e. Venez d\u00e9couvrir notre collection d'accessoires et d'anciens tr\u00e9sors.","og_url":"https:\/\/blacksmithloot.com\/","og_site_name":"BLACKSMITH LOOT","article_publisher":"https:\/\/web.facebook.com\/113430385078116?ref=embed_page","article_modified_time":"2025-05-26T12:50:04+00:00","og_image":[{"width":659,"height":660,"url":"https:\/\/blacksmithloot.com\/wp-content\/uploads\/2025\/05\/LOGO-BLACKSMITH-BLANC.png","type":"image\/png"}],"twitter_card":"summary_large_image","twitter_misc":{"Dur\u00e9e de lecture estim\u00e9e":"2 minutes"},"schema":{"@context":"https:\/\/schema.org","@graph":[{"@type":"WebPage","@id":"https:\/\/blacksmithloot.com\/","url":"https:\/\/blacksmithloot.com\/","name":"figurines warhammer old school et collection d'anciens tr\u00e9sors","isPartOf":{"@id":"https:\/\/blacksmithloot.com\/#website"},"primaryImageOfPage":{"@id":"https:\/\/blacksmithloot.com\/#primaryimage"},"image":{"@id":"https:\/\/blacksmithloot.com\/#primaryimage"},"thumbnailUrl":"https:\/\/blacksmithloot.com\/wp-content\/uploads\/2025\/05\/LOGO-BLACKSMITH-BLANC.png","datePublished":"2023-06-17T02:40:46+00:00","dateModified":"2025-05-26T12:50:04+00:00","description":"Votre Boutique de figurines Warhammer OLD SCHOOL pr\u00e9f\u00e9r\u00e9e. Venez d\u00e9couvrir notre collection d'accessoires et d'anciens tr\u00e9sors.","breadcrumb":{"@id":"https:\/\/blacksmithloot.com\/#breadcrumb"},"inLanguage":"fr-FR","potentialAction":[{"@type":"ReadAction","target":["https:\/\/blacksmithloot.com\/"]}]},{"@type":"ImageObject","inLanguage":"fr-FR","@id":"https:\/\/blacksmithloot.com\/#primaryimage","url":"https:\/\/blacksmithloot.com\/wp-content\/uploads\/2025\/05\/LOGO-BLACKSMITH-BLANC.png","contentUrl":"https:\/\/blacksmithloot.com\/wp-content\/uploads\/2025\/05\/LOGO-BLACKSMITH-BLANC.png","width":659,"height":660},{"@type":"BreadcrumbList","@id":"https:\/\/blacksmithloot.com\/#breadcrumb","itemListElement":[{"@type":"ListItem","position":1,"name":"Accueil","item":"https:\/\/blacksmithloot.com\/"},{"@type":"ListItem","position":2,"name":"Accueil"}]},{"@type":"WebSite","@id":"https:\/\/blacksmithloot.com\/#website","url":"https:\/\/blacksmithloot.com\/","name":"BLACKSMITH LOOT","description":"Vos figurines et accessoires Old School pr\u00e9f\u00e9r\u00e9s","publisher":{"@id":"https:\/\/blacksmithloot.com\/#organization"},"potentialAction":[{"@type":"SearchAction","target":{"@type":"EntryPoint","urlTemplate":"https:\/\/blacksmithloot.com\/?s={search_term_string}"},"query-input":{"@type":"PropertyValueSpecification","valueRequired":true,"valueName":"search_term_string"}}],"inLanguage":"fr-FR"},{"@type":"Organization","@id":"https:\/\/blacksmithloot.com\/#organization","name":"BLACKSMITH LOOT","url":"https:\/\/blacksmithloot.com\/","logo":{"@type":"ImageObject","inLanguage":"fr-FR","@id":"https:\/\/blacksmithloot.com\/#\/schema\/logo\/image\/","url":"https:\/\/blacksmithloot.com\/wp-content\/uploads\/2025\/05\/LOGO-BLACKSMITH-BLANC.png","contentUrl":"https:\/\/blacksmithloot.com\/wp-content\/uploads\/2025\/05\/LOGO-BLACKSMITH-BLANC.png","width":659,"height":660,"caption":"BLACKSMITH LOOT"},"image":{"@id":"https:\/\/blacksmithloot.com\/#\/schema\/logo\/image\/"},"sameAs":["https:\/\/web.facebook.com\/113430385078116?ref=embed_page"]}]}},"jetpack_sharing_enabled":true,"_links":{"self":[{"href":"https:\/\/blacksmithloot.com\/index.php?rest_route=\/wp\/v2\/pages\/6","targetHints":{"allow":["GET"]}}],"collection":[{"href":"https:\/\/blacksmithloot.com\/index.php?rest_route=\/wp\/v2\/pages"}],"about":[{"href":"https:\/\/blacksmithloot.com\/index.php?rest_route=\/wp\/v2\/types\/page"}],"author":[{"embeddable":true,"href":"https:\/\/blacksmithloot.com\/index.php?rest_route=\/wp\/v2\/users\/1"}],"replies":[{"embeddable":true,"href":"https:\/\/blacksmithloot.com\/index.php?rest_route=%2Fwp%2Fv2%2Fcomments&post=6"}],"version-history":[{"count":23,"href":"https:\/\/blacksmithloot.com\/index.php?rest_route=\/wp\/v2\/pages\/6\/revisions"}],"predecessor-version":[{"id":22492,"href":"https:\/\/blacksmithloot.com\/index.php?rest_route=\/wp\/v2\/pages\/6\/revisions\/22492"}],"wp:attachment":[{"href":"https:\/\/blacksmithloot.com\/index.php?rest_route=%2Fwp%2Fv2%2Fmedia&parent=6"}],"curies":[{"name":"wp","href":"https:\/\/api.w.org\/{rel}","templated":true}]}}